{"id":32,"date":"2020-02-26T11:17:09","date_gmt":"2020-02-26T10:17:09","guid":{"rendered":"https:\/\/www.greenandbreakfast.lu\/gb\/?page_id=32"},"modified":"2025-01-31T16:52:08","modified_gmt":"2025-01-31T15:52:08","slug":"table-dhote","status":"publish","type":"page","link":"https:\/\/www.greenandbreakfast.lu\/gb\/table-dhote\/","title":{"rendered":"Table d\u2019h\u00f4te"},"content":{"rendered":"<div id=\"pl-32\"  class=\"panel-layout\" ><div id=\"pg-32-0\"  class=\"panel-grid panel-no-style\" ><div id=\"pgc-32-0-0\"  class=\"panel-grid-cell\" ><div id=\"panel-32-0-0-0\" class=\"so-panel widget widget_sow-editor panel-first-child panel-last-child\" data-index=\"0\" ><div\n\t\t\t\n\t\t\tclass=\"so-widget-sow-editor so-widget-sow-editor-base\"\n\t\t\t\n\t\t>\n<div class=\"siteorigin-widget-tinymce textwidget\">\n\t<h1 style=\"text-align: center;\">TABLE D\u2019H\u00d4TE<\/h1>\n<\/div>\n<\/div><\/div><\/div><\/div><div id=\"pg-32-1\"  class=\"panel-grid panel-has-style\" ><div class=\"panel-row-style panel-row-style-for-32-1\" ><div id=\"pgc-32-1-0\"  class=\"panel-grid-cell\" ><div id=\"panel-32-1-0-0\" class=\"so-panel widget widget_sow-image panel-first-child\" data-index=\"1\" ><div class=\"panel-widget-style panel-widget-style-for-32-1-0-0\" ><div\n\t\t\t\n\t\t\tclass=\"so-widget-sow-image so-widget-sow-image-default-8b5b6f678277-32\"\n\t\t\t\n\t\t>\n\n<div class=\"sow-image-container\">\n\t\t<img decoding=\"async\" src=\"https:\/\/www.greenandbreakfast.lu\/gb\/wp-content\/uploads\/2021\/01\/green-breakfast-table-dhotes.jpg\" title=\"Table d\u2019h\u00f4te\" alt=\"\" loading=\"lazy\" \t\tclass=\"so-widget-image\"\/>\n\t<\/div>\n\n<\/div><\/div><\/div><div id=\"panel-32-1-0-1\" class=\"so-panel widget widget_sow-editor panel-last-child\" data-index=\"2\" ><div class=\"panel-widget-style panel-widget-style-for-32-1-0-1\" ><div\n\t\t\t\n\t\t\tclass=\"so-widget-sow-editor so-widget-sow-editor-base\"\n\t\t\t\n\t\t>\n<div class=\"siteorigin-widget-tinymce textwidget\">\n\t<p>Nous vous invitons pour un moment convivial entre amis ou un d\u00eener romantique aux chandelles en amoureux avec un menu unique qui se veut raffin\u00e9, pr\u00e9par\u00e9 avec des produits frais du terroir et une petite escapade \u00e0 travers la cuisine du monde.<\/p>\n<p>Dans une ambiance chic et chaleureuse, l\u2019accent est mis sur la qualit\u00e9 du produit qui sera travaill\u00e9 avec passion et g\u00e9n\u00e9rosit\u00e9.<\/p>\n<p>Pour se faire, nous vous proposons : une mise en bouche et un menu festif 4 services accompagn\u00e9 d\u2019une s\u00e9lection de vins. Ce menu varie en fonction des trouvailles du march\u00e9.<\/p>\n<p>Des informations plus pr\u00e9cises sur le menu ainsi que sur le tarif vous seront donn\u00e9es au moment de la r\u00e9servation de la table.<\/p>\n<p><span style=\"color: #7ab62b;\">Merci de bien vouloir nous faire part d\u2019\u00e9ventuelles allergies ou intol\u00e9rances.<\/span><\/p>\n<hr \/>\n<p>\u00c0 partir de 8 personnes jusqu\u2019\u00e0 maximum 18 personnes.<br \/>\nMidi ou soir, 7\/7 jours. Uniquement sur r\u00e9servation - minimum 7 jours \u00e0 l'avance.<\/p>\n<h4>R\u00e9servez votre table! <span style=\"color: #7ab62b;\">+(352) 691 488 141<\/span><\/h4>\n<\/div>\n<\/div><\/div><\/div><\/div><\/div><\/div><div id=\"pg-32-2\"  class=\"panel-grid panel-no-style\" ><div id=\"pgc-32-2-0\"  class=\"panel-grid-cell panel-grid-cell-empty panel-grid-cell-mobile-last\" ><\/div><div id=\"pgc-32-2-1\"  class=\"panel-grid-cell panel-grid-cell-empty\" ><\/div><\/div><\/div>","protected":false},"excerpt":{"rendered":"<p>TABLE D\u2019H\u00d4TE Nous vous invitons pour un moment convivial entre amis ou un d\u00eener romantique aux chandelles en amoureux avec un menu unique qui se veut raffin\u00e9, pr\u00e9par\u00e9 avec des produits frais du terroir et une petite escapade \u00e0 travers la cuisine du monde. Dans une ambiance chic et chaleureuse, l\u2019accent est mis sur la&hellip;<\/p>\n","protected":false},"author":1,"featured_media":0,"parent":0,"menu_order":0,"comment_status":"closed","ping_status":"closed","template":"","meta":{"footnotes":""},"_links":{"self":[{"href":"https:\/\/www.greenandbreakfast.lu\/gb\/wp-json\/wp\/v2\/pages\/32"}],"collection":[{"href":"https:\/\/www.greenandbreakfast.lu\/gb\/wp-json\/wp\/v2\/pages"}],"about":[{"href":"https:\/\/www.greenandbreakfast.lu\/gb\/wp-json\/wp\/v2\/types\/page"}],"author":[{"embeddable":true,"href":"https:\/\/www.greenandbreakfast.lu\/gb\/wp-json\/wp\/v2\/users\/1"}],"replies":[{"embeddable":true,"href":"https:\/\/www.greenandbreakfast.lu\/gb\/wp-json\/wp\/v2\/comments?post=32"}],"version-history":[{"count":36,"href":"https:\/\/www.greenandbreakfast.lu\/gb\/wp-json\/wp\/v2\/pages\/32\/revisions"}],"predecessor-version":[{"id":1842,"href":"https:\/\/www.greenandbreakfast.lu\/gb\/wp-json\/wp\/v2\/pages\/32\/revisions\/1842"}],"wp:attachment":[{"href":"https:\/\/www.greenandbreakfast.lu\/gb\/wp-json\/wp\/v2\/media?parent=32"}],"curies":[{"name":"wp","href":"https:\/\/api.w.org\/{rel}","templated":true}]}}