{"id":38,"date":"2020-02-26T11:18:23","date_gmt":"2020-02-26T10:18:23","guid":{"rendered":"https:\/\/www.greenandbreakfast.lu\/gb\/?page_id=38"},"modified":"2026-02-10T13:48:15","modified_gmt":"2026-02-10T12:48:15","slug":"offres-speciales","status":"publish","type":"page","link":"https:\/\/www.greenandbreakfast.lu\/gb\/offres-speciales\/","title":{"rendered":"Offres sp\u00e9ciales"},"content":{"rendered":"<div id=\"pl-38\"  class=\"panel-layout\" ><div id=\"pg-38-0\"  class=\"panel-grid panel-no-style\" ><div id=\"pgc-38-0-0\"  class=\"panel-grid-cell\" ><div id=\"panel-38-0-0-0\" class=\"so-panel widget widget_sow-editor panel-first-child panel-last-child\" data-index=\"0\" ><div\n\t\t\t\n\t\t\tclass=\"so-widget-sow-editor so-widget-sow-editor-base\"\n\t\t\t\n\t\t>\n<div class=\"siteorigin-widget-tinymce textwidget\">\n\t<h1 style=\"text-align: center;\">OFFRES SP\u00c9CIALES<\/h1>\n<p><script src=\"https:\/\/kit.fontawesome.com\/114f3ce1f9.js\" crossorigin=\"anonymous\"><\/script><\/p>\n<\/div>\n<\/div><\/div><\/div><\/div><div id=\"pg-38-1\"  class=\"panel-grid panel-has-style\" ><div class=\"panel-row-style panel-row-style-for-38-1\" ><div id=\"pgc-38-1-0\"  class=\"panel-grid-cell\" ><div id=\"panel-38-1-0-0\" class=\"so-panel widget widget_sow-image panel-first-child\" data-index=\"1\" ><div\n\t\t\t\n\t\t\tclass=\"so-widget-sow-image so-widget-sow-image-default-8b5b6f678277-38\"\n\t\t\t\n\t\t>\n\n<div class=\"sow-image-container\">\n\t\t\t<a href=\"https:\/\/www.greenandbreakfast.lu\/gb\/reservation\/\"\n\t\t\t\t\t>\n\t\t\t<img decoding=\"async\" src=\"https:\/\/www.greenandbreakfast.lu\/gb\/wp-content\/uploads\/2020\/02\/bike.jpg\" width=\"1200\" height=\"500\" srcset=\"https:\/\/www.greenandbreakfast.lu\/gb\/wp-content\/uploads\/2020\/02\/bike.jpg 1200w, https:\/\/www.greenandbreakfast.lu\/gb\/wp-content\/uploads\/2020\/02\/bike-300x125.jpg 300w, https:\/\/www.greenandbreakfast.lu\/gb\/wp-content\/uploads\/2020\/02\/bike-1024x427.jpg 1024w, https:\/\/www.greenandbreakfast.lu\/gb\/wp-content\/uploads\/2020\/02\/bike-768x320.jpg 768w\" sizes=\"(max-width: 1200px) 100vw, 1200px\" alt=\"\" loading=\"lazy\" \t\tclass=\"so-widget-image\"\/>\n\t<\/a><\/div>\n\n<\/div><\/div><div id=\"panel-38-1-0-1\" class=\"so-panel widget widget_sow-editor panel-last-child\" data-index=\"2\" ><div class=\"panel-widget-style panel-widget-style-for-38-1-0-1\" ><div\n\t\t\t\n\t\t\tclass=\"so-widget-sow-editor so-widget-sow-editor-base\"\n\t\t\t\n\t\t>\n<div class=\"siteorigin-widget-tinymce textwidget\">\n\t<h2 style=\"text-align: center;\"><span style=\"color: #7ab62b;\">Comment peut-on rendre heureux un \u00eatre cher ?<br \/>\nTout simplement avec un Bon-cadeau de Green &amp; Breakfast !<\/span><\/h2>\n<\/div>\n<\/div><\/div><\/div><\/div><\/div><\/div><div id=\"pg-38-2\"  class=\"panel-grid panel-has-style\" ><div id=\"festive\" class=\"panel-row-style panel-row-style-for-38-2\" ><div id=\"pgc-38-2-0\"  class=\"panel-grid-cell\" ><div id=\"panel-38-2-0-0\" class=\"so-panel widget widget_sow-image panel-first-child panel-last-child\" data-index=\"3\" ><div\n\t\t\t\n\t\t\tclass=\"so-widget-sow-image so-widget-sow-image-default-8b5b6f678277-38\"\n\t\t\t\n\t\t>\n\n<div class=\"sow-image-container\">\n\t\t<img decoding=\"async\" src=\"https:\/\/www.greenandbreakfast.lu\/gb\/wp-content\/uploads\/2026\/02\/Patch_NEW.png\" width=\"300\" height=\"300\" srcset=\"https:\/\/www.greenandbreakfast.lu\/gb\/wp-content\/uploads\/2026\/02\/Patch_NEW.png 300w, https:\/\/www.greenandbreakfast.lu\/gb\/wp-content\/uploads\/2026\/02\/Patch_NEW-150x150.png 150w\" sizes=\"(max-width: 300px) 100vw, 300px\" alt=\"\" loading=\"lazy\" \t\tclass=\"so-widget-image\"\/>\n\t<\/div>\n\n<\/div><\/div><\/div><div id=\"pgc-38-2-1\"  class=\"panel-grid-cell\" ><div id=\"panel-38-2-1-0\" class=\"so-panel widget widget_sow-editor panel-first-child panel-last-child\" data-index=\"4\" ><div class=\"panel-widget-style panel-widget-style-for-38-2-1-0\" ><div\n\t\t\t\n\t\t\tclass=\"so-widget-sow-editor so-widget-sow-editor-base\"\n\t\t\t\n\t\t>\n<div class=\"siteorigin-widget-tinymce textwidget\">\n\t<h3><span style=\"color: #7ab62b;\">Nouvelle Formule Business<\/span><\/h3>\n<h5><em>Offre r\u00e9serv\u00e9e aux entreprises du lundi au vendredi (hors jours f\u00e9ri\u00e9s)<br \/>\n1 nuit\u00e9e en chambre simple deluxe avec petit d\u00e9jeuner et d\u00eener plat &amp; dessert <\/em><\/h5>\n<hr \/>\n<h4><span style=\"color: #7ab62b;\">Prix total par personne: 160\u20ac<\/span><\/h4>\n<hr \/>\n<\/div>\n<\/div><\/div><\/div><\/div><\/div><\/div><div id=\"pg-38-3\"  class=\"panel-grid panel-has-style\" ><div id=\"festive\" class=\"panel-row-style panel-row-style-for-38-3\" ><div id=\"pgc-38-3-0\"  class=\"panel-grid-cell\" ><div id=\"panel-38-3-0-0\" class=\"so-panel widget widget_sow-editor panel-first-child panel-last-child\" data-index=\"5\" ><div class=\"panel-widget-style panel-widget-style-for-38-3-0-0\" ><div\n\t\t\t\n\t\t\tclass=\"so-widget-sow-editor so-widget-sow-editor-base\"\n\t\t\t\n\t\t>\n<div class=\"siteorigin-widget-tinymce textwidget\">\n\t<h3><span style=\"color: #7ab62b;\">Formule \" Eskimo Kiss Night \" by Green &amp; Breakfast <i class=\"fa fa-heart\" style=\"font-size: 30px; color: red;\"> <\/i><i class=\"fa fa-heart\" style=\"font-size: 26px; color: #fd8181;\"><\/i><br \/>\n<\/span><\/h3>\n<h5><em>1 nuit\u00e9e en chambre deluxe, s\u00e9ance bien-\u00eatre privative &amp; d\u00eener servie en chambre <\/em><\/h5>\n<hr \/>\n<h5>Premier jour<\/h5>\n<ul>\n<li>Une nuit\u00e9e en chambre double deluxe<\/li>\n<li>Check in \u00e0 partir de 17h00<\/li>\n<li>Votre chambre glamour, une Bouteille cr\u00e9mant 37,5 cl accompagn\u00e9e de chocolat<\/li>\n<li>S\u00e9ance bien-\u00eatre priv\u00e9 bain nordique 30 min sur notre Rooftop &amp; Sauna Infrarouge 30 min<br \/>\nHoraires suivants disponibilit\u00e9s de 18h00 \u2013 19h00 \/ 19h00 -20h00 \/ 20h00-21h00<\/li>\n<li>D\u00eener corbeille d\u2019amour gustative servie en chambre (Bouteille de Vin 75cl inclus)<\/li>\n<\/ul>\n<h5>Deuxi\u00e8me jour (samedi)<\/h5>\n<ul>\n<li>09h30 Brunch<\/li>\n<li>Check out tardif avant 11h30<\/li>\n<\/ul>\n<hr \/>\n<h4><span style=\"color: #7ab62b;\">Prix total pour deux personnes: 350\u20ac<\/span><\/h4>\n<hr \/>\n<\/div>\n<\/div><\/div><\/div><\/div><\/div><\/div><div id=\"pg-38-4\"  class=\"panel-grid panel-has-style\" ><div id=\"festive\" class=\"panel-row-style panel-row-style-for-38-4\" ><div id=\"pgc-38-4-0\"  class=\"panel-grid-cell\" ><div id=\"panel-38-4-0-0\" class=\"so-panel widget widget_sow-editor panel-first-child panel-last-child\" data-index=\"6\" ><div class=\"panel-widget-style panel-widget-style-for-38-4-0-0\" ><div\n\t\t\t\n\t\t\tclass=\"so-widget-sow-editor so-widget-sow-editor-base\"\n\t\t\t\n\t\t>\n<div class=\"siteorigin-widget-tinymce textwidget\">\n\t<h3><span style=\"color: #7ab62b;\">1. Formule \"Romantique &amp; Gourmet\" by Green &amp; Breakfast <i class=\"fa fa-heart\" style=\"font-size: 30px; color: red;\"> <\/i><i class=\"fa fa-heart\" style=\"font-size: 26px; color: #fd8181;\"><\/i><br \/>\n<\/span><\/h3>\n<h5><em>1 nuit\u00e9e en chambre deluxe, s\u00e9ance bien \u00eatre priv\u00e9, d\u00eener aux chandelles & d\u00e9gustation vin et cr\u00e9mant, au choix sans alcool<\/em><\/h5>\n<hr \/>\n<h5>Premier jour<\/h5>\n<ul>\n<li>Une nuit\u00e9e en Chambre double deluxe<\/li>\n<li>Check in \u00e0 partir de 16H00<\/li>\n<li>Bouteille Cr\u00e9mant 37,5 cl, chocolat, peignoirs et une d\u00e9coration romantique.<\/li>\n<li>S\u00e9ance bien-\u00eatre privatis\u00e9e Bain nordique 30 min &amp; Sauna Infrarouge 30min<\/li>\n<li>19h30 Mise en bouche du chef<\/li>\n<li>20h00 D\u00eener festif aux chandelles 4 services<\/li>\n<li>Pendant le diner une d\u00e9gustation Cr\u00e9mant &amp; Vin &amp; Digestif <em>\"Sou schmaacht Letzebuerg\"<\/em><\/li>\n<\/ul>\n<h5>Deuxi\u00e8me jour (samedi)<\/h5>\n<ul>\n<li>09h30 Brunch<\/li>\n<li>Check out avant 11h30<\/li>\n<\/ul>\n<hr \/>\n<h4><span style=\"color: #7ab62b;\">Prix total pour deux personnes: 390\u20ac<\/span><\/h4>\n<hr \/>\n<\/div>\n<\/div><\/div><\/div><\/div><\/div><\/div><div id=\"pg-38-5\"  class=\"panel-grid panel-has-style\" ><div id=\"festive\" class=\"panel-row-style panel-row-style-for-38-5\" ><div id=\"pgc-38-5-0\"  class=\"panel-grid-cell\" ><div id=\"panel-38-5-0-0\" class=\"so-panel widget widget_sow-editor panel-first-child panel-last-child\" data-index=\"7\" ><div class=\"panel-widget-style panel-widget-style-for-38-5-0-0\" ><div\n\t\t\t\n\t\t\tclass=\"so-widget-sow-editor so-widget-sow-editor-base\"\n\t\t\t\n\t\t>\n<div class=\"siteorigin-widget-tinymce textwidget\">\n\t<h3><span style=\"color: #7ab62b;\">2. Formule Escapades d\u00e9couverte Gourmet et d\u00e9tente <\/span><\/h3>\n<h5><em>4 jours et 3 nuit\u00e9es en chambre double deluxe \u2013 Wellness priv\u00e9 \u2013 Diner aux chandelles \u2013 Randonn\u00e9es &amp; V\u00e9lo-Tour r\u00e9gion Guttland<\/em><\/h5>\n<hr \/>\n<h5>Premier jour<\/h5>\n<ul>\n<li>Chambre double deluxe<\/li>\n<li>Check-in tardif \u00e0 partir de 17h00 \u00e0 19h30<\/li>\n<li>20h00 D\u00eener aux chandelles avec Mise en bouche du chef suivi d\u2019un menu <em>Esou schmacht Letzebuerg<\/em> trois services de sp\u00e9cialit\u00e9s luxembourgeois<\/li>\n<\/ul>\n<h5>Deuxi\u00e8me jour<\/h5>\n<ul>\n<li>Petit d\u00e9jeuner<\/li>\n<li>11h00 D\u00e9part V\u00e9lo-Tour avec Lunch box<\/li>\n<li>16h00 Retour Green &amp; Breakfast<\/li>\n<li>S\u00e9ance bien-\u00eatre privatis\u00e9e bain nordique 30min - sauna infrarouge 30min<\/li>\n<li>19h30 Diner aux chandelles avec mise en bouche du chef suivi d\u2019un menu festif de d\u00e9gustation de trois services<\/li>\n<\/ul>\n<h5>Troisi\u00e8me Jour<\/h5>\n<ul>\n<li>11h00 \u2013 15h00 Buffet Brunch festif<\/li>\n<li>15h30 D\u00e9part Green &amp; Breakfast <em>Randonn\u00e9e Auto p\u00e9destre 8 km<\/em><\/li>\n<li>S\u00e9ance bien \u00eatre privatis\u00e9e bain nordique 30min - sauna infrarouge 30min<\/li>\n<li>Horaire suivant disponibilit\u00e9 18h00-19h00 \/ 19h00-20h00 \/ 20h00-21h00<\/li>\n<li>D\u00eener corbeille d\u2019amour gustative servie en chambre<\/li>\n<\/ul>\n<h5>Quatri\u00e8me Jour<\/h5>\n<ul>\n<li>09h30 Petit d\u00e9jeuner<\/li>\n<li>11h30 Check out tardif<\/li>\n<\/ul>\n<hr \/>\n<h4><span style=\"color: #7ab62b;\">Prix total pour 2 personnes : 865\u20ac<\/span><\/h4>\n<hr \/>\n<\/div>\n<\/div><\/div><\/div><\/div><\/div><\/div><div id=\"pg-38-6\"  class=\"panel-grid panel-has-style\" ><div class=\"panel-row-style panel-row-style-for-38-6\" ><div id=\"pgc-38-6-0\"  class=\"panel-grid-cell\" ><div id=\"panel-38-6-0-0\" class=\"so-panel widget widget_sow-editor panel-first-child panel-last-child\" data-index=\"8\" ><div class=\"panel-widget-style panel-widget-style-for-38-6-0-0\" ><div\n\t\t\t\n\t\t\tclass=\"so-widget-sow-editor so-widget-sow-editor-base\"\n\t\t\t\n\t\t>\n<div class=\"siteorigin-widget-tinymce textwidget\">\n\t<h3><span style=\"color: #7ab62b;\">3. Formule D\u00e9couverte nature et bien-\u00eatre<\/span><\/h3>\n<h5><em>2 jours et une nuit\u00e9e en chambre d\u00e9couverte Randonn\u00e9e V\u00e9lo ou \u00e0 pied &amp; Wellness priv\u00e9.<br \/>\nR\u00e9servation de Mars \u00e0 Octobre<br \/>\n<\/em><\/h5>\n<hr \/>\n<h5>Premier jour<\/h5>\n<ul>\n<li>Chambre double<\/li>\n<li>Check-in \u00e0 partir de 16h00<\/li>\n<li>S\u00e9ance bien \u00eatre priv\u00e9 Jacuzzi 30 min &amp; bain nordique 30 min<\/li>\n<li>S\u00e9ance privatis\u00e9e Sauna Infrarouge 30 min<\/li>\n<li>Mise en bouche du chef<\/li>\n<li>Diner aux chandelles avec mise en bouche du chef suivi d\u2019un menu de d\u00e9gustation \u00e0 trois services<\/li>\n<\/ul>\n<h5>Deuxi\u00e8me jour<\/h5>\n<ul>\n<li>09h30 Brunch dominicale<\/li>\n<li>Check out avant 11h00<\/li>\n<li>11h00 D\u00e9part randonn\u00e9e avec Lunch box<\/li>\n<li>16h00-17h00 Retour Niederpallen<\/li>\n<li>Caf\u00e9\/Th\u00e9<\/li>\n<\/ul>\n<hr \/>\n<h4><span style=\"color: #7ab62b;\">Prix total pour 2 personnes: 360\u20ac.<\/span><\/h4>\n<p>Minimum 2 personnes dans une chambre double.<\/p>\n<hr \/>\n<\/div>\n<\/div><\/div><\/div><\/div><\/div><\/div><div id=\"pg-38-7\"  class=\"panel-grid panel-has-style\" ><div class=\"panel-row-style panel-row-style-for-38-7\" ><div id=\"pgc-38-7-0\"  class=\"panel-grid-cell\" ><div id=\"panel-38-7-0-0\" class=\"so-panel widget widget_sow-editor panel-first-child panel-last-child\" data-index=\"9\" ><div class=\"panel-widget-style panel-widget-style-for-38-7-0-0\" ><div\n\t\t\t\n\t\t\tclass=\"so-widget-sow-editor so-widget-sow-editor-base\"\n\t\t\t\n\t\t>\n<div class=\"siteorigin-widget-tinymce textwidget\">\n\t<h3><span style=\"color: #7ab62b;\">4. Formule \"Globetrotter\"<\/span><\/h3>\n<h5><em>Uniquement du lundi au vendredi (hors jour f\u00e9ri\u00e9).<br \/>\n<\/em><\/h5>\n<p>1 nuit\u00e9e en chambre simple deluxe.<\/p>\n<hr \/>\n<h5>Premier jour<\/h5>\n<ul>\n<li>Une nuit\u00e9e en Chambre simple deluxe<\/li>\n<li>Check in \u00e0 partir de 15H30<\/li>\n<li>V\u00e9lo box<\/li>\n<li>Th\u00e9i\u00e8re en chambre<\/li>\n<li>18h30 Diner sportif 3 services (v\u00e9g\u00e9tarien sur demande)<\/li>\n<\/ul>\n<h5>Deuxi\u00e8me jour<\/h5>\n<ul>\n<li>Petit-d\u00e9jeuner<\/li>\n<li>Check out avant 10h30<\/li>\n<\/ul>\n<hr \/>\n<h4><span style=\"color: #7ab62b;\">Prix total en chambre simple : 195\u20ac<br \/>\nPrix total en chambre double : 230\u20ac<br \/>\n<\/span><\/h4>\n<hr \/>\n<\/div>\n<\/div><\/div><\/div><\/div><\/div><\/div><div id=\"pg-38-8\"  class=\"panel-grid panel-has-style\" ><div id=\"festive\" class=\"panel-row-style panel-row-style-for-38-8\" ><div id=\"pgc-38-8-0\"  class=\"panel-grid-cell\" ><div id=\"panel-38-8-0-0\" class=\"so-panel widget widget_sow-editor panel-first-child panel-last-child\" data-index=\"10\" ><div class=\"panel-widget-style panel-widget-style-for-38-8-0-0\" ><div\n\t\t\t\n\t\t\tclass=\"so-widget-sow-editor so-widget-sow-editor-base\"\n\t\t\t\n\t\t>\n<div class=\"siteorigin-widget-tinymce textwidget\">\n\t<h2 style=\"text-align: center;\">Les Formules sp\u00e9ciales Groupe<\/h2>\n<hr \/>\n<h3><span style=\"color: #7ab62b;\">5. Formule sp\u00e9ciale Anniversaire Saturday Night Fever by Green &amp; Breakfast <\/span><\/h3>\n<h5><em>Groupe de minimum 8 pers. et maximum 12 pers.(d\u00eener maximum 18pers.)<\/em><\/h5>\n<hr \/>\n<h5>Premier jour<\/h5>\n<ul>\n<li>Une nuit\u00e9e en Chambre double deluxe<\/li>\n<li>Check in \u00e0 partir de 16H00<\/li>\n<li>17h00 -19h00 S\u00e9ance bien \u00eatre bain nordique &amp; Jacuzzi<\/li>\n<li>19h30 Mise en bouche du chef<\/li>\n<li>20h00 Diner festif aux chandelles 3 services<\/li>\n<li>22h30 \u2013 01h00 <strong>Soir\u00e9e Disco<\/strong><\/li>\n<li>01h00 Velout\u00e9 d\u2019oignons<\/li>\n<\/ul>\n<h5>Deuxi\u00e8me jour<\/h5>\n<ul>\n<li>10h00 Brunch dominical<\/li>\n<li>Check out tardive avant 12h00<\/li>\n<\/ul>\n<hr \/>\n<h4><span style=\"color: #7ab62b;\">Prix sur demande<\/span><\/h4>\n<hr \/>\n<\/div>\n<\/div><\/div><\/div><\/div><\/div><\/div><div id=\"pg-38-9\"  class=\"panel-grid panel-has-style\" ><div class=\"panel-row-style panel-row-style-for-38-9\" ><div id=\"pgc-38-9-0\"  class=\"panel-grid-cell\" ><div id=\"panel-38-9-0-0\" class=\"so-panel widget widget_sow-editor panel-first-child panel-last-child\" data-index=\"11\" ><div class=\"panel-widget-style panel-widget-style-for-38-9-0-0\" ><div\n\t\t\t\n\t\t\tclass=\"so-widget-sow-editor so-widget-sow-editor-base\"\n\t\t\t\n\t\t>\n<div class=\"siteorigin-widget-tinymce textwidget\">\n\t<h3><span style=\"color: #7ab62b;\">6. Amis &amp; Famille d\u00e9couverte by Green &amp; Breakfast on tour<\/span><\/h3>\n<h5><em>Groupe de minimum 8 pers. et maximum 12 pers.(diner maximum 18 pers.)<br \/>\nUniquement de mars \u00e0 novembre.<br \/>\n<\/em><\/h5>\n<p>Formule D\u00e9couverte bien \u00eatre corps &amp; esprit<br \/>\nUn s\u00e9jour de deux jours et 1 nuit en chambre double sup\u00e9rieure<\/p>\n<hr \/>\n<h5>Premier jour<\/h5>\n<ul>\n<li>Check in \u00e0 partir de 11h00<\/li>\n<li>11h30 D\u00e9part Voyage d\u00e9couverte en Oldtimerbus ou Randonn\u00e9e \u00e0 pied avec vos v\u00e9los pour une chasse au pique-nique<\/li>\n<li>15h00 Pique-Nique avec d\u00e9gustation vin<\/li>\n<li>17h00 retour \u00e0 la Gare Jhangeli Noerdange<\/li>\n<li>Petite marche sur la ligne du train Jhangeli Noerdange \u2013 Niederpallen<\/li>\n<li>S\u00e9ance privatis\u00e9e bien \u00eatre Sauna infrarouge - bain nordique et Jacuzzi (utilisation du Jacuzzi \u00e0 l\u2019ext\u00e9rieur suivant m\u00e9t\u00e9o)<\/li>\n<li>19h30 Mise en bouche du chef<\/li>\n<li>20h00 Diner aux chandelles 4 Services<\/li>\n<\/ul>\n<h5>Deuxi\u00e8me jour<\/h5>\n<ul>\n<li>Petit-d\u00e9jeuner dominical<\/li>\n<li>Check out avant 12h00<\/li>\n<\/ul>\n<hr \/>\n<h4><span style=\"color: #7ab62b;\">Prix sur demande <\/span><\/h4>\n<hr \/>\n<\/div>\n<\/div><\/div><\/div><\/div><\/div><\/div><div id=\"pg-38-10\"  class=\"panel-grid panel-has-style\" ><div class=\"panel-row-style panel-row-style-for-38-10\" ><div id=\"pgc-38-10-0\"  class=\"panel-grid-cell\" ><div id=\"panel-38-10-0-0\" class=\"so-panel widget widget_sow-editor panel-first-child panel-last-child\" data-index=\"12\" ><div class=\"panel-widget-style panel-widget-style-for-38-10-0-0\" ><div\n\t\t\t\n\t\t\tclass=\"so-widget-sow-editor so-widget-sow-editor-base\"\n\t\t\t\n\t\t>\n<div class=\"siteorigin-widget-tinymce textwidget\">\n\t<h3><span style=\"color: #7ab62b;\">7. Nouveau \" Table d\u2019h\u00f4tes privative \" By Green &amp; Breakfast en famille ou entre amis <\/span><\/h3>\n<h5><em>\u00c0 partir de 8 personnes \u00e0 18 personnes<br \/>\nMidi ou soir 7\/7 jours Uniquement sur r\u00e9servation min.7 jours en avance.<br \/>\n<\/em><\/h5>\n<hr \/>\n<ul>\n<li>Mise en bouche du chef<\/li>\n<li>Menu festif de d\u00e9gustation 3 ou 4 services (v\u00e9g\u00e9tarien sur demande)<\/li>\n<\/ul>\n<hr \/>\n<h4><span style=\"color: #7ab62b;\">Prix sur demande<\/span><\/h4>\n<p>&nbsp;<\/p>\n<hr \/>\n<\/div>\n<\/div><\/div><\/div><\/div><\/div><\/div><\/div>","protected":false},"excerpt":{"rendered":"<p>OFFRES SP\u00c9CIALES Comment peut-on rendre heureux un \u00eatre cher ? Tout simplement avec un Bon-cadeau de Green &amp; Breakfast !<\/p>\n","protected":false},"author":1,"featured_media":0,"parent":0,"menu_order":0,"comment_status":"closed","ping_status":"closed","template":"","meta":{"footnotes":""},"_links":{"self":[{"href":"https:\/\/www.greenandbreakfast.lu\/gb\/wp-json\/wp\/v2\/pages\/38"}],"collection":[{"href":"https:\/\/www.greenandbreakfast.lu\/gb\/wp-json\/wp\/v2\/pages"}],"about":[{"href":"https:\/\/www.greenandbreakfast.lu\/gb\/wp-json\/wp\/v2\/types\/page"}],"author":[{"embeddable":true,"href":"https:\/\/www.greenandbreakfast.lu\/gb\/wp-json\/wp\/v2\/users\/1"}],"replies":[{"embeddable":true,"href":"https:\/\/www.greenandbreakfast.lu\/gb\/wp-json\/wp\/v2\/comments?post=38"}],"version-history":[{"count":291,"href":"https:\/\/www.greenandbreakfast.lu\/gb\/wp-json\/wp\/v2\/pages\/38\/revisions"}],"predecessor-version":[{"id":2010,"href":"https:\/\/www.greenandbreakfast.lu\/gb\/wp-json\/wp\/v2\/pages\/38\/revisions\/2010"}],"wp:attachment":[{"href":"https:\/\/www.greenandbreakfast.lu\/gb\/wp-json\/wp\/v2\/media?parent=38"}],"curies":[{"name":"wp","href":"https:\/\/api.w.org\/{rel}","templated":true}]}}