{"id":40,"date":"2020-02-26T11:18:37","date_gmt":"2020-02-26T10:18:37","guid":{"rendered":"https:\/\/www.greenandbreakfast.lu\/gb\/?page_id=40"},"modified":"2021-01-13T10:27:33","modified_gmt":"2021-01-13T09:27:33","slug":"reservation","status":"publish","type":"page","link":"https:\/\/www.greenandbreakfast.lu\/gb\/reservation\/","title":{"rendered":"R\u00e9servation"},"content":{"rendered":"<div id=\"pl-40\"  class=\"panel-layout\" ><div id=\"pg-40-0\"  class=\"panel-grid panel-no-style\" ><div id=\"pgc-40-0-0\"  class=\"panel-grid-cell\" ><div id=\"panel-40-0-0-0\" class=\"so-panel widget widget_sow-editor panel-first-child panel-last-child\" data-index=\"0\" ><div\n\t\t\t\n\t\t\tclass=\"so-widget-sow-editor so-widget-sow-editor-base\"\n\t\t\t\n\t\t>\n<div class=\"siteorigin-widget-tinymce textwidget\">\n\t<h1 style=\"text-align: center;\">R\u00c9SERVATION<\/h1>\n<\/div>\n<\/div><\/div><\/div><\/div><div id=\"pg-40-1\"  class=\"panel-grid panel-no-style\" ><div id=\"pgc-40-1-0\"  class=\"panel-grid-cell\" ><div id=\"panel-40-1-0-0\" class=\"so-panel widget widget_sow-image panel-first-child panel-last-child\" data-index=\"1\" ><div\n\t\t\t\n\t\t\tclass=\"so-widget-sow-image so-widget-sow-image-default-8b5b6f678277-40\"\n\t\t\t\n\t\t>\n\n<div class=\"sow-image-container\">\n\t\t<img decoding=\"async\" src=\"https:\/\/www.greenandbreakfast.lu\/gb\/wp-content\/uploads\/2020\/05\/green_and_breakfast-accueil.jpg\" width=\"1200\" height=\"500\" srcset=\"https:\/\/www.greenandbreakfast.lu\/gb\/wp-content\/uploads\/2020\/05\/green_and_breakfast-accueil.jpg 1200w, https:\/\/www.greenandbreakfast.lu\/gb\/wp-content\/uploads\/2020\/05\/green_and_breakfast-accueil-300x125.jpg 300w, https:\/\/www.greenandbreakfast.lu\/gb\/wp-content\/uploads\/2020\/05\/green_and_breakfast-accueil-1024x427.jpg 1024w, https:\/\/www.greenandbreakfast.lu\/gb\/wp-content\/uploads\/2020\/05\/green_and_breakfast-accueil-768x320.jpg 768w\" sizes=\"(max-width: 1200px) 100vw, 1200px\" alt=\"\" loading=\"lazy\" \t\tclass=\"so-widget-image\"\/>\n\t<\/div>\n\n<\/div><\/div><\/div><\/div><div id=\"pg-40-2\"  class=\"panel-grid panel-has-style\" ><div class=\"siteorigin-panels-stretch panel-row-style panel-row-style-for-40-2\" data-stretch-type=\"full\" ><div id=\"pgc-40-2-0\"  class=\"panel-grid-cell\" ><div id=\"panel-40-2-0-0\" class=\"so-panel widget widget_sow-editor panel-first-child panel-last-child\" data-index=\"2\" ><div\n\t\t\t\n\t\t\tclass=\"so-widget-sow-editor so-widget-sow-editor-base\"\n\t\t\t\n\t\t>\n<div class=\"siteorigin-widget-tinymce textwidget\">\n\t<p>Pour toute demande de r\u00e9servation, merci de bien vouloir remplir ce formulaire ou nous contacter par t\u00e9l\u00e9phone au <span style=\"color: #000000;\"><strong>+(352) 691 488 141<\/strong><\/span>.<\/p>\n<\/div>\n<\/div><\/div><\/div><div id=\"pgc-40-2-1\"  class=\"panel-grid-cell\" ><div id=\"panel-40-2-1-0\" class=\"so-panel widget widget_sow-contact-form panel-first-child panel-last-child\" data-index=\"3\" ><div\n\t\t\t\n\t\t\tclass=\"so-widget-sow-contact-form so-widget-sow-contact-form-default-6e0b74d70791-40\"\n\t\t\t\n\t\t>\t<form\n\t\taction=\"\/gb\/wp-json\/wp\/v2\/pages\/40\"\n\t\tmethod=\"POST\"\n\t\tclass=\"sow-contact-form\"\n\t\tid=\"contact-form-cfa0\"\n\t>\n\n\t\t\n\t\t\t\t\t<div class=\"sow-form-field sow-form-field-name\">\n\t\t\t\t<label class=\"sow-form-field-label-above\" for=\"sow-contact-form-field-votre-nom-et-prnom-358131235edf445a481af341420444\">\n\t\t\t\t<strong>\n\t\t\t\t\tVotre nom et pr\u00e9nom\t\t\t\t\t\t\t\t\t<\/strong>\n\t\t\t<\/label>\n\t\t\t\t\t\t\t<span class=\"sow-field-container\">\n\t\t\t\t\t\t\t<input\n\t\t\ttype=\"text\"\n\t\t\tname=\"votre-nom-et-prnom-358131235edf445a481af341420444\"\n\t\t\tid=\"sow-contact-form-field-votre-nom-et-prnom-358131235edf445a481af341420444\"\n\t\t\tvalue=\"\"\n\t\t\tclass=\"sow-text-field\"\n\t\t\t\t\t\/>\n\t\t\t\t\t\t<\/span>\n\t\t\t\t\t\t\t<\/div>\n\t\t\t\t\t\t<div class=\"sow-form-field sow-form-field-email\">\n\t\t\t\t<label class=\"sow-form-field-label-above\" for=\"sow-contact-form-field-votre-email-358131235edf445a481af341420444\">\n\t\t\t\t<strong>\n\t\t\t\t\tVotre email\t\t\t\t\t\t\t\t\t<\/strong>\n\t\t\t<\/label>\n\t\t\t\t\t\t\t<span class=\"sow-field-container\">\n\t\t\t\t\t\t\t<input\n\t\t\ttype=\"email\"\n\t\t\tname=\"votre-email-358131235edf445a481af341420444\"\n\t\t\tid=\"sow-contact-form-field-votre-email-358131235edf445a481af341420444\"\n\t\t\tvalue=\"\"\n\t\t\tclass=\"sow-text-field\"\t\t\t\t\t\/>\n\t\t\t\t\t\t<\/span>\n\t\t\t\t\t\t\t<\/div>\n\t\t\t\t\t\t<div class=\"sow-form-field sow-form-field-subject\">\n\t\t\t\t<label class=\"sow-form-field-label-above\" for=\"sow-contact-form-field-date-darrive-et-date-de-dpart-358131235edf445a481af341420444\">\n\t\t\t\t<strong>\n\t\t\t\t\tDate d\u2019arriv\u00e9e et date de d\u00e9part\t\t\t\t\t\t\t\t\t<\/strong>\n\t\t\t<\/label>\n\t\t\t\t\t\t\t<span class=\"sow-field-container\">\n\t\t\t\t\t\t\t<input\n\t\t\ttype=\"text\"\n\t\t\tname=\"date-darrive-et-date-de-dpart-358131235edf445a481af341420444\"\n\t\t\tid=\"sow-contact-form-field-date-darrive-et-date-de-dpart-358131235edf445a481af341420444\"\n\t\t\tvalue=\"\"\n\t\t\tclass=\"sow-text-field\"\n\t\t\t\t\t\t\t\t\/>\n\t\t\t\t\t\t<\/span>\n\t\t\t\t\t\t\t<\/div>\n\t\t\t\t\t\t<div class=\"sow-form-field sow-form-field-textarea\">\n\t\t\t\t<label class=\"sow-form-field-label-above\" for=\"sow-contact-form-field-message-358131235edf445a481af341420444\">\n\t\t\t\t<strong>\n\t\t\t\t\tMessage\t\t\t\t\t\t\t\t\t<\/strong>\n\t\t\t<\/label>\n\t\t\t\t\t\t\t<span class=\"sow-field-container\">\n\t\t\t\t\t\t\t<textarea\n\t\t\tname=\"message-358131235edf445a481af341420444\"\n\t\t\tid=\"sow-contact-form-field-message-358131235edf445a481af341420444\"\n\t\t\trows=\"10\"\n\t\t\t\t\t\t\t\t><\/textarea>\n\t\t\t\t\t\t<\/span>\n\t\t\t\t\t\t\t<\/div>\n\t\t\t\t\t\n\t\t\t\t\t<div class=\"sow-recaptcha\"\n\t\t\t\t\t\t\t\t\tdata-config=\"{&quot;sitekey&quot;:&quot;6Lf22twUAAAAAP4kDm_J_0h1NnMbMvyFgN73nRPE&quot;,&quot;theme&quot;:&quot;light&quot;,&quot;type&quot;:&quot;image&quot;,&quot;size&quot;:&quot;normal&quot;}\"\n\t\t\t\t\t\t\t><\/div>\n\t\t\n\t\t\n\t\t<input type=\"hidden\" name=\"instance_hash\" value=\"cfa0c09dea6b06ad7ca6c30e3ead1ee1\" \/>\n\t\t<input type=\"hidden\" id=\"_wpnonce\" name=\"_wpnonce\" value=\"c22315997f\" \/><input type=\"hidden\" name=\"_wp_http_referer\" value=\"\/gb\/wp-json\/wp\/v2\/pages\/40\" \/>\t\t<div class=\"sow-submit-wrapper sow-submit-styled\">\n\n\t\t<button class=\"sow-submit\"\n\t\t\t\t\t\t\t\t>\n\t\t\tContactez-nous\t\t<\/button>\n\n\t\t<\/div>\n\t<\/form>\n\t<\/div><\/div><\/div><\/div><\/div><\/div>","protected":false},"excerpt":{"rendered":"<p>R\u00c9SERVATION<\/p>\n","protected":false},"author":1,"featured_media":0,"parent":0,"menu_order":0,"comment_status":"closed","ping_status":"closed","template":"","meta":{"footnotes":""},"_links":{"self":[{"href":"https:\/\/www.greenandbreakfast.lu\/gb\/wp-json\/wp\/v2\/pages\/40"}],"collection":[{"href":"https:\/\/www.greenandbreakfast.lu\/gb\/wp-json\/wp\/v2\/pages"}],"about":[{"href":"https:\/\/www.greenandbreakfast.lu\/gb\/wp-json\/wp\/v2\/types\/page"}],"author":[{"embeddable":true,"href":"https:\/\/www.greenandbreakfast.lu\/gb\/wp-json\/wp\/v2\/users\/1"}],"replies":[{"embeddable":true,"href":"https:\/\/www.greenandbreakfast.lu\/gb\/wp-json\/wp\/v2\/comments?post=40"}],"version-history":[{"count":17,"href":"https:\/\/www.greenandbreakfast.lu\/gb\/wp-json\/wp\/v2\/pages\/40\/revisions"}],"predecessor-version":[{"id":985,"href":"https:\/\/www.greenandbreakfast.lu\/gb\/wp-json\/wp\/v2\/pages\/40\/revisions\/985"}],"wp:attachment":[{"href":"https:\/\/www.greenandbreakfast.lu\/gb\/wp-json\/wp\/v2\/media?parent=40"}],"curies":[{"name":"wp","href":"https:\/\/api.w.org\/{rel}","templated":true}]}}