{"id":505,"date":"2020-06-08T13:02:20","date_gmt":"2020-06-08T11:02:20","guid":{"rendered":"https:\/\/www.greenandbreakfast.lu\/gb\/?page_id=505"},"modified":"2020-06-08T13:49:59","modified_gmt":"2020-06-08T11:49:59","slug":"ueber-uns","status":"publish","type":"page","link":"https:\/\/www.greenandbreakfast.lu\/gb\/de\/ueber-uns\/","title":{"rendered":"\u00dcber uns"},"content":{"rendered":"<div id=\"pl-505\"  class=\"panel-layout\" ><div id=\"pg-505-0\"  class=\"panel-grid panel-no-style\" ><div id=\"pgc-505-0-0\"  class=\"panel-grid-cell\" ><div id=\"panel-505-0-0-0\" class=\"so-panel widget widget_sow-editor panel-first-child panel-last-child\" data-index=\"0\" ><div\n\t\t\t\n\t\t\tclass=\"so-widget-sow-editor so-widget-sow-editor-base\"\n\t\t\t\n\t\t>\n<div class=\"siteorigin-widget-tinymce textwidget\">\n\t<h1 style=\"text-align: center;\">WELCOME TO GREEN & BREAKFAST!<\/h1>\n<\/div>\n<\/div><\/div><\/div><\/div><div id=\"pg-505-1\"  class=\"panel-grid panel-has-style\" ><div class=\"panel-row-style panel-row-style-for-505-1\" ><div id=\"pgc-505-1-0\"  class=\"panel-grid-cell\" ><div id=\"panel-505-1-0-0\" class=\"so-panel widget widget_sow-image panel-first-child\" data-index=\"1\" ><div\n\t\t\t\n\t\t\tclass=\"so-widget-sow-image so-widget-sow-image-default-8b5b6f678277-505\"\n\t\t\t\n\t\t>\n\n<div class=\"sow-image-container\">\n\t\t<img decoding=\"async\" src=\"https:\/\/www.greenandbreakfast.lu\/gb\/wp-content\/uploads\/2020\/05\/green_and_breakfast-table.jpg\" width=\"1200\" height=\"500\" srcset=\"https:\/\/www.greenandbreakfast.lu\/gb\/wp-content\/uploads\/2020\/05\/green_and_breakfast-table.jpg 1200w, https:\/\/www.greenandbreakfast.lu\/gb\/wp-content\/uploads\/2020\/05\/green_and_breakfast-table-300x125.jpg 300w, https:\/\/www.greenandbreakfast.lu\/gb\/wp-content\/uploads\/2020\/05\/green_and_breakfast-table-1024x427.jpg 1024w, https:\/\/www.greenandbreakfast.lu\/gb\/wp-content\/uploads\/2020\/05\/green_and_breakfast-table-768x320.jpg 768w\" sizes=\"(max-width: 1200px) 100vw, 1200px\" alt=\"\" loading=\"lazy\" \t\tclass=\"so-widget-image\"\/>\n\t<\/div>\n\n<\/div><\/div><div id=\"panel-505-1-0-1\" class=\"so-panel widget widget_sow-editor panel-last-child\" data-index=\"2\" ><div class=\"panel-widget-style panel-widget-style-for-505-1-0-1\" ><div\n\t\t\t\n\t\t\tclass=\"so-widget-sow-editor so-widget-sow-editor-base\"\n\t\t\t\n\t\t>\n<div class=\"siteorigin-widget-tinymce textwidget\">\n\t<p>Mit gro\u00dfer Freude l\u00e4dt Murielle Sie ein, einen angenehmen Aufenthalt f\u00fcr K\u00f6rper und Seele im Herzen einer der sch\u00f6nsten Regionen des Landes im l\u00e4ndlichen Dorf Niederpallen am Fu\u00dfe der Piste \"Eurov\u00e9lo n 5\" zu verbringen.<br \/>\nVor den Toren der luxemburgischen Hauptstadt wird dieses Dorf sowohl Ihren Gaumen als auch Ihre Augen \u00fcberraschen.<\/p>\n<h4><em>Planen Sie ein romantisches Wochenende, einen Kurzurlaub alleine oder einen Gruppenausflug?<\/em><\/h4>\n<p>Entdecken Sie unser sch\u00f6nes und charmantes Haus aus dem 19. Jahrhundert, das durch die Kombination von \u00f6kologischen Materialien und modernem Komfort komplett renoviert wurde. Unser ganzj\u00e4hriger ge\u00f6ffneter Wellnessbereich bietet Ihnen einen unvergleichlichen Blick auf die Naturlandschaft des Dorfes.<\/p>\n<p>Murielle absolvierte eine HACCP-Schulung (Hazard Analysis Critical Control Point) und erhielt das Zertifikat, welches von der Handelskammer und dem Wirtschaftsministerium ausgestellt wurde. Diese Schulung sollte es dem Fachmann erm\u00f6glichen, die erforderlichen F\u00e4higkeiten zu erwerben, um das Catering- und Hotelgesch\u00e4ft unter hygienischen Bedingungen gem\u00e4\u00df den Vorschriften zu organisieren und zu verwalten.<\/p>\n<h4><em>Gourmand ? Nous aussi !<\/em><\/h4>\n<p>Das hausgemachte Fr\u00fchst\u00fcck ist gro\u00dfz\u00fcgig, abwechslungsreich und lokal, um Sie mit gutem Geb\u00e4ck direkt aus dem Ofen zu wecken.<\/p>\n<\/div>\n<\/div><\/div><\/div><\/div><\/div><\/div><\/div>","protected":false},"excerpt":{"rendered":"<p>WELCOME TO GREEN &#038; BREAKFAST! Mit gro\u00dfer Freude l\u00e4dt Murielle Sie ein, einen angenehmen Aufenthalt f\u00fcr K\u00f6rper und Seele im Herzen einer der sch\u00f6nsten Regionen des Landes im l\u00e4ndlichen Dorf Niederpallen am Fu\u00dfe der Piste &#8220;Eurov\u00e9lo n 5&#8221; zu verbringen. Vor den Toren der luxemburgischen Hauptstadt wird dieses Dorf sowohl Ihren Gaumen als auch Ihre&hellip;<\/p>\n","protected":false},"author":1,"featured_media":0,"parent":0,"menu_order":0,"comment_status":"closed","ping_status":"closed","template":"","meta":{"footnotes":""},"_links":{"self":[{"href":"https:\/\/www.greenandbreakfast.lu\/gb\/wp-json\/wp\/v2\/pages\/505"}],"collection":[{"href":"https:\/\/www.greenandbreakfast.lu\/gb\/wp-json\/wp\/v2\/pages"}],"about":[{"href":"https:\/\/www.greenandbreakfast.lu\/gb\/wp-json\/wp\/v2\/types\/page"}],"author":[{"embeddable":true,"href":"https:\/\/www.greenandbreakfast.lu\/gb\/wp-json\/wp\/v2\/users\/1"}],"replies":[{"embeddable":true,"href":"https:\/\/www.greenandbreakfast.lu\/gb\/wp-json\/wp\/v2\/comments?post=505"}],"version-history":[{"count":9,"href":"https:\/\/www.greenandbreakfast.lu\/gb\/wp-json\/wp\/v2\/pages\/505\/revisions"}],"predecessor-version":[{"id":533,"href":"https:\/\/www.greenandbreakfast.lu\/gb\/wp-json\/wp\/v2\/pages\/505\/revisions\/533"}],"wp:attachment":[{"href":"https:\/\/www.greenandbreakfast.lu\/gb\/wp-json\/wp\/v2\/media?parent=505"}],"curies":[{"name":"wp","href":"https:\/\/api.w.org\/{rel}","templated":true}]}}