{"id":609,"date":"2020-06-08T15:23:59","date_gmt":"2020-06-08T13:23:59","guid":{"rendered":"https:\/\/www.greenandbreakfast.lu\/gb\/?page_id=609"},"modified":"2025-02-03T16:57:53","modified_gmt":"2025-02-03T15:57:53","slug":"gaestetafel","status":"publish","type":"page","link":"https:\/\/www.greenandbreakfast.lu\/gb\/de\/gaestetafel\/","title":{"rendered":"G\u00e4stetafel"},"content":{"rendered":"<div id=\"pl-609\"  class=\"panel-layout\" ><div id=\"pg-609-0\"  class=\"panel-grid panel-no-style\" ><div id=\"pgc-609-0-0\"  class=\"panel-grid-cell\" ><div id=\"panel-609-0-0-0\" class=\"so-panel widget widget_sow-editor panel-first-child panel-last-child\" data-index=\"0\" ><div\n\t\t\t\n\t\t\tclass=\"so-widget-sow-editor so-widget-sow-editor-base\"\n\t\t\t\n\t\t>\n<div class=\"siteorigin-widget-tinymce textwidget\">\n\t<h1 style=\"text-align: center;\">G\u00c4STETAFEL<\/h1>\n<\/div>\n<\/div><\/div><\/div><\/div><div id=\"pg-609-1\"  class=\"panel-grid panel-has-style\" ><div class=\"panel-row-style panel-row-style-for-609-1\" ><div id=\"pgc-609-1-0\"  class=\"panel-grid-cell\" ><div id=\"panel-609-1-0-0\" class=\"so-panel widget widget_sow-image panel-first-child\" data-index=\"1\" ><div class=\"panel-widget-style panel-widget-style-for-609-1-0-0\" ><div\n\t\t\t\n\t\t\tclass=\"so-widget-sow-image so-widget-sow-image-default-8b5b6f678277-609\"\n\t\t\t\n\t\t>\n\n<div class=\"sow-image-container\">\n\t\t<img decoding=\"async\" src=\"https:\/\/www.greenandbreakfast.lu\/gb\/wp-content\/uploads\/2021\/01\/green-breakfast-table-dhotes.jpg\" title=\"G\u00e4stetafel\" alt=\"\" loading=\"lazy\" \t\tclass=\"so-widget-image\"\/>\n\t<\/div>\n\n<\/div><\/div><\/div><div id=\"panel-609-1-0-1\" class=\"so-panel widget widget_sow-editor panel-last-child\" data-index=\"2\" ><div class=\"panel-widget-style panel-widget-style-for-609-1-0-1\" ><div\n\t\t\t\n\t\t\tclass=\"so-widget-sow-editor so-widget-sow-editor-base\"\n\t\t\t\n\t\t>\n<div class=\"siteorigin-widget-tinymce textwidget\">\n\t<p>Wir laden Sie ein zu einem geselligen Moment mit Freunden oder einem romantischen Abendessen bei Kerzenschein f\u00fcr Verliebte mit einem einzigartigen Men\u00fc, das mit frischen Produkten raffiniert zubereitet wird und eine kleine Eskapade durch die Weltk\u00fcche darstellt.<\/p>\n<p>In einer schicken und warmen Atmosph\u00e4re wird der Schwerpunkt auf die Qualit\u00e4t des Produkts gelegt, das mit Leidenschaft und Gro\u00dfz\u00fcgigkeit verarbeitet wird.<\/p>\n<p>Dazu schlagen wir vor: eine \u00ab Mise en bouche\/Appetithappen \u00bb, ein festliches 4-G\u00e4nge-Men\u00fc, begleitet von einer Auswahl an Weinen. Dieses Men\u00fc variiert je nach den Funden auf dem Markt.<\/p>\n<p>Genauere Informationen zur Speisekarte sowie zu den Preisen erhalten Sie bei der Tischreservierung.<\/p>\n<p><span style=\"color: #7ab62b;\">Bitte teilen Sie uns mit falls Sie irgendwelche Allergien oder Unvertr\u00e4glichkeiten haben.<\/span><\/p>\n<hr \/>\n<p>Ab 8 Personen bis maximal 18 Personen.<br \/>\nMittags oder abends, 7\/7 Tage. Nur mit Reservierung - mindestens 7 Tage im Voraus.<\/p>\n<h4>Buchen Sie Ihren Tisch! <span style=\"color: #7ab62b;\">+(352) 691 488 141<\/span><\/h4>\n<\/div>\n<\/div><\/div><\/div><\/div><\/div><\/div><div id=\"pg-609-2\"  class=\"panel-grid panel-no-style\" ><div id=\"pgc-609-2-0\"  class=\"panel-grid-cell panel-grid-cell-empty panel-grid-cell-mobile-last\" ><\/div><div id=\"pgc-609-2-1\"  class=\"panel-grid-cell panel-grid-cell-empty\" ><\/div><\/div><\/div>","protected":false},"excerpt":{"rendered":"<p>G\u00c4STETAFEL Wir laden Sie ein zu einem geselligen Moment mit Freunden oder einem romantischen Abendessen bei Kerzenschein f\u00fcr Verliebte mit einem einzigartigen Men\u00fc, das mit frischen Produkten raffiniert zubereitet wird und eine kleine Eskapade durch die Weltk\u00fcche darstellt. In einer schicken und warmen Atmosph\u00e4re wird der Schwerpunkt auf die Qualit\u00e4t des Produkts gelegt, das mit&hellip;<\/p>\n","protected":false},"author":1,"featured_media":0,"parent":0,"menu_order":0,"comment_status":"closed","ping_status":"closed","template":"","meta":{"footnotes":""},"_links":{"self":[{"href":"https:\/\/www.greenandbreakfast.lu\/gb\/wp-json\/wp\/v2\/pages\/609"}],"collection":[{"href":"https:\/\/www.greenandbreakfast.lu\/gb\/wp-json\/wp\/v2\/pages"}],"about":[{"href":"https:\/\/www.greenandbreakfast.lu\/gb\/wp-json\/wp\/v2\/types\/page"}],"author":[{"embeddable":true,"href":"https:\/\/www.greenandbreakfast.lu\/gb\/wp-json\/wp\/v2\/users\/1"}],"replies":[{"embeddable":true,"href":"https:\/\/www.greenandbreakfast.lu\/gb\/wp-json\/wp\/v2\/comments?post=609"}],"version-history":[{"count":17,"href":"https:\/\/www.greenandbreakfast.lu\/gb\/wp-json\/wp\/v2\/pages\/609\/revisions"}],"predecessor-version":[{"id":1850,"href":"https:\/\/www.greenandbreakfast.lu\/gb\/wp-json\/wp\/v2\/pages\/609\/revisions\/1850"}],"wp:attachment":[{"href":"https:\/\/www.greenandbreakfast.lu\/gb\/wp-json\/wp\/v2\/media?parent=609"}],"curies":[{"name":"wp","href":"https:\/\/api.w.org\/{rel}","templated":true}]}}