{"id":637,"date":"2020-06-08T15:36:38","date_gmt":"2020-06-08T13:36:38","guid":{"rendered":"https:\/\/www.greenandbreakfast.lu\/gb\/?page_id=637"},"modified":"2026-02-10T13:50:24","modified_gmt":"2026-02-10T12:50:24","slug":"spezialangebot","status":"publish","type":"page","link":"https:\/\/www.greenandbreakfast.lu\/gb\/de\/spezialangebot\/","title":{"rendered":"Spezialangebot"},"content":{"rendered":"<div id=\"pl-637\"  class=\"panel-layout\" ><div id=\"pg-637-0\"  class=\"panel-grid panel-no-style\" ><div id=\"pgc-637-0-0\"  class=\"panel-grid-cell\" ><div id=\"panel-637-0-0-0\" class=\"so-panel widget widget_sow-editor panel-first-child panel-last-child\" data-index=\"0\" ><div\n\t\t\t\n\t\t\tclass=\"so-widget-sow-editor so-widget-sow-editor-base\"\n\t\t\t\n\t\t>\n<div class=\"siteorigin-widget-tinymce textwidget\">\n\t<h1 style=\"text-align: center;\">SPEZIALANGEBOT<\/h1>\n<p><script src=\"https:\/\/kit.fontawesome.com\/114f3ce1f9.js\" crossorigin=\"anonymous\"><\/script><\/p>\n<\/div>\n<\/div><\/div><\/div><\/div><div id=\"pg-637-1\"  class=\"panel-grid panel-has-style\" ><div class=\"panel-row-style panel-row-style-for-637-1\" ><div id=\"pgc-637-1-0\"  class=\"panel-grid-cell\" ><div id=\"panel-637-1-0-0\" class=\"so-panel widget widget_sow-image panel-first-child panel-last-child\" data-index=\"1\" ><div\n\t\t\t\n\t\t\tclass=\"so-widget-sow-image so-widget-sow-image-default-8b5b6f678277-637\"\n\t\t\t\n\t\t>\n\n<div class=\"sow-image-container\">\n\t\t<img decoding=\"async\" src=\"https:\/\/www.greenandbreakfast.lu\/gb\/wp-content\/uploads\/2020\/11\/offres-speciales.jpg\" title=\"Spezialangebot\" alt=\"\" loading=\"lazy\" \t\tclass=\"so-widget-image\"\/>\n\t<\/div>\n\n<\/div><\/div><\/div><\/div><\/div><div id=\"pg-637-2\"  class=\"panel-grid panel-has-style\" ><div class=\"panel-row-style panel-row-style-for-637-2\" ><div id=\"pgc-637-2-0\"  class=\"panel-grid-cell\" ><div id=\"panel-637-2-0-0\" class=\"so-panel widget widget_sow-image panel-first-child panel-last-child\" data-index=\"2\" ><div\n\t\t\t\n\t\t\tclass=\"so-widget-sow-image so-widget-sow-image-default-8b5b6f678277-637\"\n\t\t\t\n\t\t>\n\n<div class=\"sow-image-container\">\n\t\t<img decoding=\"async\" src=\"https:\/\/www.greenandbreakfast.lu\/gb\/wp-content\/uploads\/2026\/02\/Patch_NEW.png\" width=\"300\" height=\"300\" srcset=\"https:\/\/www.greenandbreakfast.lu\/gb\/wp-content\/uploads\/2026\/02\/Patch_NEW.png 300w, https:\/\/www.greenandbreakfast.lu\/gb\/wp-content\/uploads\/2026\/02\/Patch_NEW-150x150.png 150w\" sizes=\"(max-width: 300px) 100vw, 300px\" alt=\"\" loading=\"lazy\" \t\tclass=\"so-widget-image\"\/>\n\t<\/div>\n\n<\/div><\/div><\/div><div id=\"pgc-637-2-1\"  class=\"panel-grid-cell\" ><div id=\"panel-637-2-1-0\" class=\"so-panel widget widget_sow-editor panel-first-child panel-last-child\" data-index=\"3\" ><div class=\"panel-widget-style panel-widget-style-for-637-2-1-0\" ><div\n\t\t\t\n\t\t\tclass=\"so-widget-sow-editor so-widget-sow-editor-base\"\n\t\t\t\n\t\t>\n<div class=\"siteorigin-widget-tinymce textwidget\">\n\t<h3><span style=\"color: #7ab62b;\">Neues Business-Angebot<\/span><\/h3>\n<h5><em>Angebot nur f\u00fcr Unternehmen von Montag bis Freitag (au\u00dfer an Feiertagen)<br \/>\nEine \u00dcbernachtung im Deluxe-Einzelzimmer mit Fr\u00fchst\u00fcck und Abendessen (Hauptgericht &amp; Dessert)<\/em><\/h5>\n<hr \/>\n<h4><span style=\"color: #7ab62b;\">Gesamtpreis f\u00fcr 1 Person: \u20ac160<\/span><\/h4>\n<hr \/>\n<\/div>\n<\/div><\/div><\/div><\/div><\/div><\/div><div id=\"pg-637-3\"  class=\"panel-grid panel-has-style\" ><div class=\"panel-row-style panel-row-style-for-637-3\" ><div id=\"pgc-637-3-0\"  class=\"panel-grid-cell\" ><div id=\"panel-637-3-0-0\" class=\"so-panel widget widget_sow-editor panel-first-child panel-last-child\" data-index=\"4\" ><div class=\"panel-widget-style panel-widget-style-for-637-3-0-0\" ><div\n\t\t\t\n\t\t\tclass=\"so-widget-sow-editor so-widget-sow-editor-base\"\n\t\t\t\n\t\t>\n<div class=\"siteorigin-widget-tinymce textwidget\">\n\t<h3><span style=\"color: #7ab62b;\">Formel \u201eEskimo Kiss Night\u201c by Green &amp; Breakfast.<i class=\"fa fa-heart\" style=\"font-size: 30px; color: red;\"> <\/i><i class=\"fa fa-heart\" style=\"font-size: 26px; color: #fd8181;\"><\/i><\/span><\/h3>\n<h5><em>1 \u00dcbernachtung in einem Deluxe-Zimmer, private Wellness-Sitzung und Abendessen auf dem Zimmer.<br \/>\n<\/em><\/h5>\n<hr \/>\n<h5>Erster Tag<\/h5>\n<ul>\n<li>Eine \u00dcbernachtung im Deluxe-Doppelzimmer<\/li>\n<li>Check in ab 17:00 Uhr.<\/li>\n<li>Flasche Cr\u00e9mant 37,5 cl, Schokolade, Badem\u00e4ntel und eine romantische Dekoration.<\/li>\n<li>Private Wellness-Sitzung Nordisches Bad 30 Min. auf unserem Rooftop &amp; Infrarotsauna 30 Min.<br \/>\nReservierte Zeit von 18.00 Uhr - 19.00Uhr \/ 19.00 Uhr - 20.00 Uhr \/ 20.00 Uhr - 21.00 Uhr.<\/li>\n<li>Geschmacklicher Liebeskorb, der auf dem Zimmer serviert wird.<\/li>\n<\/ul>\n<h5>Zweiter Tag<\/h5>\n<ul>\n<li>09:30 Uhr Sonntagsbrunch<\/li>\n<li>Check-out vor 11:30 Uhr<\/li>\n<\/ul>\n<hr \/>\n<h4><span style=\"color: #7ab62b;\">Gesamtpreis f\u00fcr 2 Personen: \u20ac350<\/span><\/h4>\n<hr \/>\n<\/div>\n<\/div><\/div><\/div><\/div><\/div><\/div><div id=\"pg-637-4\"  class=\"panel-grid panel-has-style\" ><div class=\"panel-row-style panel-row-style-for-637-4\" ><div id=\"pgc-637-4-0\"  class=\"panel-grid-cell\" ><div id=\"panel-637-4-0-0\" class=\"so-panel widget widget_sow-editor panel-first-child\" data-index=\"5\" ><div class=\"panel-widget-style panel-widget-style-for-637-4-0-0\" ><div\n\t\t\t\n\t\t\tclass=\"so-widget-sow-editor so-widget-sow-editor-base\"\n\t\t\t\n\t\t>\n<div class=\"siteorigin-widget-tinymce textwidget\">\n\t<h3><span style=\"color: #7ab62b;\">1. Formel <i class=\"fas fa-heart\" style=\"font-size: 20px; color: #ff6666;\"><\/i> <i class=\"fas fa-heart\" style=\"font-size: 20px; color: #ff6666;\"><\/i> <i class=\"fas fa-heart\" style=\"font-size: 20px; color: #ff6666;\"><\/i> \u201eRomantic &amp; Gourmet\u201c Festtagsformel von Green &amp; Breakfast<\/span><\/h3>\n<h5><em>1 \u00dcbernachtung in einem Deluxe-Zimmer, private Wellness-Sitzung, Abendessen bei Kerzenschein und Wein- und Cr\u00e9mant-Verkostung, alkoholfreie Getr\u00e4nke nach Wahl.<br \/>\n<\/em><\/h5>\n<hr \/>\n<h5>Erster Tag<\/h5>\n<ul>\n<li>Eine \u00dcbernachtung in einem Deluxe-Doppelzimmer<\/li>\n<li>Check in ab 16H00<\/li>\n<li>Flasche Cr\u00e9mant 37,5 cl, Schokolade, Badem\u00e4ntel und eine romantische Dekoration.<\/li>\n<li>Private Wellness-Sitzung Nordisches Bad 30 Min. &amp; Infrarotsauna 30 Min.<\/li>\n<li>19.30 Uhr Mise en bouche des K\u00fcchenchefs<\/li>\n<li>20.00 Uhr Festliches Abendessen bei Kerzenschein mit 4 G\u00e4ngen.<\/li>\n<li>W\u00e4hrend des Dinners eine Cr\u00e9mant- &amp; Weinprobe &amp; Digestif \u201e<em>Sou schmaacht Letzebuerg\u201c<\/em>.<\/li>\n<\/ul>\n<h5>Zweiter Tag<\/h5>\n<ul>\n<li>09.30 Uhr Brunch<\/li>\n<li>Check out bis 11:30 Uhr<\/li>\n<\/ul>\n<hr \/>\n<h4><span style=\"color: #7ab62b;\">Gesamtpreis f\u00fcr 2 Personen: \u20ac390<\/span><\/h4>\n<hr \/>\n<p>&nbsp;<\/p>\n<\/div>\n<\/div><\/div><\/div><div id=\"panel-637-4-0-1\" class=\"so-panel widget widget_sow-editor\" data-index=\"6\" ><div class=\"panel-widget-style panel-widget-style-for-637-4-0-1\" ><div\n\t\t\t\n\t\t\tclass=\"so-widget-sow-editor so-widget-sow-editor-base\"\n\t\t\t\n\t\t>\n<div class=\"siteorigin-widget-tinymce textwidget\">\n\t<h3><span style=\"color: #7ab62b;\">2. Formel Escapades d\u00e9couverte Gourmet und Entspannung <\/span><\/h3>\n<h5><em>4 Tage und 3 \u00dcbernachtungen im Deluxe-Doppelzimmer \u2013 Privater Wellnessbereich \u2013 Candle-Light-Dinner \u2013 Wanderungen &amp; Radtouren in der Region Guttland<\/em><\/h5>\n<hr \/>\n<h5>Erster Tag<\/h5>\n<ul>\n<li>Doppel-Deluxe-Zimmer<\/li>\n<li>Sp\u00e4tes Einchecken von 17:00 bis 19:30 Uhr<\/li>\n<li>20:00 Uhr Candlelight-Dinner mit Mise en bouche des K\u00fcchenchefs und anschlie\u00dfendem Drei-G\u00e4nge-Men\u00fc <em>\u201eEsou schmacht Letzebuerg\u201c<\/em> mit luxemburgischen Spezialit\u00e4ten<\/li>\n<\/ul>\n<h5>Zweiter Tag<\/h5>\n<ul>\n<li>Fr\u00fchst\u00fcck<\/li>\n<li>11.00 Start Radtouren mit Lunchpaket<\/li>\n<li>16.00 Uhr R\u00fcckkehr zum Green &amp; Fr\u00fchst\u00fcck<\/li>\n<li>30 min Nordisches Bad - 30 min Infrarotsauna<\/li>\n<li>19:30 Abendessen bei Kerzenschein mit Mise en Bouche des K\u00fcchenchefs und anschlie\u00dfendem festlichen Drei-G\u00e4nge-Degustationsmen\u00fc<\/li>\n<\/ul>\n<h5>Dritter Tag<\/h5>\n<ul>\n<li>11h00 - 15h00 Festliches Brunch-Buffet<\/li>\n<li>15.30 Uhr Start von Green &amp; Breakfast 8 km selbstgef\u00fchrte Wanderung<\/li>\n<li>Private Wellness-Sitzung Nordisches Bad 30 min auf unserem Rooftop &amp; Infrarotsauna 30 min<\/li>\n<li>Zeitplan je nach Verf\u00fcgbarkeit 18.00Uhr - 19.00 Uhr \/ 19.00Uhr - 20.00Uhr \/ 20.00Uhr - 21.00 Uhr<\/li>\n<li>Leckeres Liebeskorb-Dinner auf dem Zimmer serviert<\/li>\n<\/ul>\n<h5>Vierter Tag<\/h5>\n<ul>\n<li>09.30 Uhr Fr\u00fchst\u00fcck<\/li>\n<li>11.30 Uhr Sp\u00e4tes Auschecken<\/li>\n<\/ul>\n<hr \/>\n<h4><span style=\"color: #7ab62b;\">Gesamtpreis f\u00fcr 2 Personen: \u20ac865<\/span><\/h4>\n<hr \/>\n<\/div>\n<\/div><\/div><\/div><div id=\"panel-637-4-0-2\" class=\"so-panel widget widget_sow-editor\" data-index=\"7\" ><div class=\"panel-widget-style panel-widget-style-for-637-4-0-2\" ><div\n\t\t\t\n\t\t\tclass=\"so-widget-sow-editor so-widget-sow-editor-base\"\n\t\t\t\n\t\t>\n<div class=\"siteorigin-widget-tinymce textwidget\">\n\t<h3><span style=\"color: #7ab62b;\">3. Entdeckungsangebot Natur und Wellness<\/span><\/h3>\n<h5><em>2 Tage und eine \u00dcbernachtung im Doppelzimmer mit Entdeckungstour zu Fu\u00df oder mit dem Fahrrad &amp; privatem Wellnessbereich. (buchbar von Dienstag bis Sonntags von M\u00e4rz bis November)<br \/>\n<\/em><\/h5>\n<hr \/>\n<h5>Erster Tag<\/h5>\n<ul>\n<li>Doppelzimmer<\/li>\n<li>Check in 16.00 Uhr<\/li>\n<li>Whirlpool 30 min. privatisiert<\/li>\n<li>Nordisches Bad 30 min. privatisiert<\/li>\n<li>Infrarotsauna Sitzung 30 min. privatisiert<\/li>\n<li>Vorspeise des K\u00fcchenchefs<\/li>\n<li>4-G\u00e4nge-Abendessen bei Kerzenschein<\/li>\n<\/ul>\n<h5>Zweiter Tag<\/h5>\n<ul>\n<li>Sonntagsfr\u00fchst\u00fcck<\/li>\n<li>Sp\u00e4ter Check-out vor 11:00 Uhr<\/li>\n<li>11.00 Uhr Wanderung mit Lunchbox<\/li>\n<li>16:00 Uhr R\u00fcckkehr nach Niederpallen<\/li>\n<li>Kaffee oder Tee<\/li>\n<\/ul>\n<hr \/>\n<h4><span style=\"color: #7ab62b;\">Gesamtpreis f\u00fcr 2 Personen: \u20ac360<\/span><\/h4>\n<p>Mindestens 2 Personen in einem Doppelzimmer.<\/p>\n<hr \/>\n<\/div>\n<\/div><\/div><\/div><div id=\"panel-637-4-0-3\" class=\"so-panel widget widget_sow-editor\" data-index=\"8\" ><div class=\"panel-widget-style panel-widget-style-for-637-4-0-3\" ><div\n\t\t\t\n\t\t\tclass=\"so-widget-sow-editor so-widget-sow-editor-base\"\n\t\t\t\n\t\t>\n<div class=\"siteorigin-widget-tinymce textwidget\">\n\t<h3><span style=\"color: #7ab62b;\">4. Paket \u201eGlobetrotter\u201c<\/span><\/h3>\n<h5><em>Nur von Montag bis Freitag (au\u00dfer an Feiertagen).<br \/>\n1 \u00dcbernachtung in einem Einzelzimmer der Luxusklasse.<br \/>\n<\/em><\/h5>\n<hr \/>\n<h5>Erster Tag<\/h5>\n<ul>\n<li>Eine \u00dcbernachtung im Einzelzimmer deluxe<\/li>\n<li>Einchecken ab 15.30 Uhr<\/li>\n<li>Fahrradkoffer<\/li>\n<li>Teekanne im Zimmer<\/li>\n<li>18:30 Uhr 3-Gang-Sport-Dinner (vegetarisch auf Anfrage)<\/li>\n<\/ul>\n<h5>Zweiter Tag<\/h5>\n<ul>\n<li>Fr\u00fchst\u00fcck<\/li>\n<li>Auschecken vor 10.30 Uhr<\/li>\n<\/ul>\n<hr \/>\n<h4><span style=\"color: #7ab62b;\">Gesamtpreis f\u00fcr ein Einzelzimmer: \u20ac195<br \/>\nGesamtpreis f\u00fcr ein Doppelzimmer: \u20ac230<\/span><\/h4>\n<hr \/>\n<\/div>\n<\/div><\/div><\/div><div id=\"panel-637-4-0-4\" class=\"so-panel widget widget_sow-editor\" data-index=\"9\" ><div class=\"panel-widget-style panel-widget-style-for-637-4-0-4\" ><div\n\t\t\t\n\t\t\tclass=\"so-widget-sow-editor so-widget-sow-editor-base\"\n\t\t\t\n\t\t>\n<div class=\"siteorigin-widget-tinymce textwidget\">\n\t<h3><span style=\"color: #7ab62b;\">5. Formel Saturday Night Fever Party by Green &amp; Breakfast<\/span><\/h3>\n<h5><em>Gruppen von mindestens 8 und h\u00f6chstens 12 Personen (Abendessen maximal 18 Personen).<br \/>\nNur von M\u00e4rz bis November.<br \/>\n<\/em><\/h5>\n<hr \/>\n<h5>Erster Tag<\/h5>\n<ul>\n<li>Eine \u00fcbernachtung in unseren 6 Doppelzimmer Deluxe<\/li>\n<li>Check-in ab 16:00 Uhr<\/li>\n<li>17:00 bis 19:00 Uhr Wellness Nordisches Bad &amp; Jacuzzi<\/li>\n<li>19:30 Uhr Vorspeise des K\u00fcchenchefs<\/li>\n<li>20:00 Uhr Festliches 4-Gang-Candle-Light-Dinner<\/li>\n<li>22:30 - 01:00 Uhr Discoabend<\/li>\n<li>01:00 After party mit unserer exklusiven flambierter Zwiebelvelout\u00e9<\/li>\n<\/ul>\n<h5>Zweiter Tag<\/h5>\n<ul>\n<li>10:00 Uhr Sonntagsbrunch<\/li>\n<li>Check-out vor 12:00 Uhr<\/li>\n<\/ul>\n<hr \/>\n<h4><span style=\"color: #7ab62b;\">Preis auf Anfrage<\/span><\/h4>\n<hr \/>\n<\/div>\n<\/div><\/div><\/div><div id=\"panel-637-4-0-5\" class=\"so-panel widget widget_sow-editor\" data-index=\"10\" ><div class=\"panel-widget-style panel-widget-style-for-637-4-0-5\" ><div\n\t\t\t\n\t\t\tclass=\"so-widget-sow-editor so-widget-sow-editor-base\"\n\t\t\t\n\t\t>\n<div class=\"siteorigin-widget-tinymce textwidget\">\n\t<h3><span style=\"color: #7ab62b;\">6. Formel mit Freunde auf Endeckungs &amp; Erholungsreise mit Green &amp; Breakfast <\/span><\/h3>\n<h5><em>Gruppe von mindestens 8 Personen und maximal 12 Pers.(Abendessen maximal 18 Personen).<br \/>\n(buchbar von Dienstag bis Sonntags von M\u00e4rz bis November)<\/em><\/h5>\n<p>Wellness-Entdeckungspaket f\u00fcr K\u00f6rper und Geist<br \/>\nEin Aufenthalt von zwei Tagen und eine \u00dcbernachtung in unseren 6 Doppelzimmer Deluxe<\/p>\n<hr \/>\n<h5>Erster Tag<\/h5>\n<ul>\n<li>Check-in ab 11:00 Uhr<\/li>\n<li>11:30 Uhr Abfahrt mit dem Mini-Bus Entdeckungsausflug und Picknickjagd<\/li>\n<li>15.00 Uhr Picknick mit Weinprobe<\/li>\n<li>17:00 Uhr R\u00fcckkehr zum Bahnhof Jhangeli Noerdange<\/li>\n<li>Kurzer Spaziergang mit der Bahnlinie Jhangeli Noerdange - Niederpallen<\/li>\n<li>17:30 bis 19:00 Uhr Wellnessprogram Jacuzzi &amp; Nordish Bad<\/li>\n<li>19:30 Uhr Amuse bouche serviert vom K\u00fcchenchefs<\/li>\n<li>20:00 Uhr Candle Light Dinner 4 G\u00e4nge Menu<\/li>\n<\/ul>\n<h5>Zweiter Tag<\/h5>\n<ul>\n<li>10:00 Uhr Sonntagsfr\u00fchst\u00fcck<\/li>\n<li>Check-out vor 12:00 Uhr<\/li>\n<\/ul>\n<hr \/>\n<h4><span style=\"color: #7ab62b;\">Preis auf Anfrage<\/span><\/h4>\n<hr \/>\n<\/div>\n<\/div><\/div><\/div><div id=\"panel-637-4-0-6\" class=\"so-panel widget widget_sow-editor panel-last-child\" data-index=\"11\" ><div class=\"panel-widget-style panel-widget-style-for-637-4-0-6\" ><div\n\t\t\t\n\t\t\tclass=\"so-widget-sow-editor so-widget-sow-editor-base\"\n\t\t\t\n\t\t>\n<div class=\"siteorigin-widget-tinymce textwidget\">\n\t<h3><span style=\"color: #7ab62b;\">7. Neu \u201ePrivater G\u00e4stetisch\u201c By Green &amp; Breakfast mit der Familie oder mit Freunden.<\/span><\/h3>\n<h5><em>Ab 8 Personen bis 18 Personen<br \/>\nMittags oder abends 7\/7 Tage Nur auf Reservierung min.7 Tage im Voraus.<\/em><\/h5>\n<hr \/>\n<ul>\n<li>Mise en bouche des K\u00fcchenchefs<\/li>\n<li>Festliches Degustationsmen\u00fc mit 3 oder 4 G\u00e4ngen (vegetarisch auf Anfrage)u<\/li>\n<\/ul>\n<hr \/>\n<h4><span style=\"color: #7ab62b;\">Preis auf Anfrage<\/span><\/h4>\n<hr \/>\n<\/div>\n<\/div><\/div><\/div><\/div><\/div><\/div><\/div>","protected":false},"excerpt":{"rendered":"<p>SPEZIALANGEBOT<\/p>\n","protected":false},"author":1,"featured_media":0,"parent":0,"menu_order":0,"comment_status":"closed","ping_status":"closed","template":"","meta":{"footnotes":""},"_links":{"self":[{"href":"https:\/\/www.greenandbreakfast.lu\/gb\/wp-json\/wp\/v2\/pages\/637"}],"collection":[{"href":"https:\/\/www.greenandbreakfast.lu\/gb\/wp-json\/wp\/v2\/pages"}],"about":[{"href":"https:\/\/www.greenandbreakfast.lu\/gb\/wp-json\/wp\/v2\/types\/page"}],"author":[{"embeddable":true,"href":"https:\/\/www.greenandbreakfast.lu\/gb\/wp-json\/wp\/v2\/users\/1"}],"replies":[{"embeddable":true,"href":"https:\/\/www.greenandbreakfast.lu\/gb\/wp-json\/wp\/v2\/comments?post=637"}],"version-history":[{"count":167,"href":"https:\/\/www.greenandbreakfast.lu\/gb\/wp-json\/wp\/v2\/pages\/637\/revisions"}],"predecessor-version":[{"id":2012,"href":"https:\/\/www.greenandbreakfast.lu\/gb\/wp-json\/wp\/v2\/pages\/637\/revisions\/2012"}],"wp:attachment":[{"href":"https:\/\/www.greenandbreakfast.lu\/gb\/wp-json\/wp\/v2\/media?parent=637"}],"curies":[{"name":"wp","href":"https:\/\/api.w.org\/{rel}","templated":true}]}}