{"id":90,"date":"2020-02-26T16:10:40","date_gmt":"2020-02-26T15:10:40","guid":{"rendered":"https:\/\/www.greenandbreakfast.lu\/gb\/?page_id=90"},"modified":"2024-02-19T14:35:39","modified_gmt":"2024-02-19T13:35:39","slug":"qui-sommes-nous","status":"publish","type":"page","link":"https:\/\/www.greenandbreakfast.lu\/gb\/qui-sommes-nous\/","title":{"rendered":"Qui sommes-nous?"},"content":{"rendered":"<div id=\"pl-90\"  class=\"panel-layout\" ><div id=\"pg-90-0\"  class=\"panel-grid panel-no-style\" ><div id=\"pgc-90-0-0\"  class=\"panel-grid-cell\" ><div id=\"panel-90-0-0-0\" class=\"so-panel widget widget_sow-editor panel-first-child panel-last-child\" data-index=\"0\" ><div\n\t\t\t\n\t\t\tclass=\"so-widget-sow-editor so-widget-sow-editor-base\"\n\t\t\t\n\t\t>\n<div class=\"siteorigin-widget-tinymce textwidget\">\n\t<h1 style=\"text-align: center;\">BIENVENUE CHEZ NOUS !<\/h1>\n<\/div>\n<\/div><\/div><\/div><\/div><div id=\"pg-90-1\"  class=\"panel-grid panel-has-style\" ><div class=\"panel-row-style panel-row-style-for-90-1\" ><div id=\"pgc-90-1-0\"  class=\"panel-grid-cell\" ><div id=\"panel-90-1-0-0\" class=\"so-panel widget widget_sow-image panel-first-child\" data-index=\"1\" ><div\n\t\t\t\n\t\t\tclass=\"so-widget-sow-image so-widget-sow-image-default-8b5b6f678277-90\"\n\t\t\t\n\t\t>\n\n<div class=\"sow-image-container\">\n\t\t<img decoding=\"async\" src=\"https:\/\/www.greenandbreakfast.lu\/gb\/wp-content\/uploads\/2020\/05\/green_and_breakfast-table.jpg\" width=\"1200\" height=\"500\" srcset=\"https:\/\/www.greenandbreakfast.lu\/gb\/wp-content\/uploads\/2020\/05\/green_and_breakfast-table.jpg 1200w, https:\/\/www.greenandbreakfast.lu\/gb\/wp-content\/uploads\/2020\/05\/green_and_breakfast-table-300x125.jpg 300w, https:\/\/www.greenandbreakfast.lu\/gb\/wp-content\/uploads\/2020\/05\/green_and_breakfast-table-1024x427.jpg 1024w, https:\/\/www.greenandbreakfast.lu\/gb\/wp-content\/uploads\/2020\/05\/green_and_breakfast-table-768x320.jpg 768w\" sizes=\"(max-width: 1200px) 100vw, 1200px\" alt=\"\" loading=\"lazy\" \t\tclass=\"so-widget-image\"\/>\n\t<\/div>\n\n<\/div><\/div><div id=\"panel-90-1-0-1\" class=\"so-panel widget widget_sow-editor panel-last-child\" data-index=\"2\" ><div class=\"panel-widget-style panel-widget-style-for-90-1-0-1\" ><div\n\t\t\t\n\t\t\tclass=\"so-widget-sow-editor so-widget-sow-editor-base\"\n\t\t\t\n\t\t>\n<div class=\"siteorigin-widget-tinymce textwidget\">\n\t<p>C\u2019est avec grand plaisir que Murielle vous invite \u00e0 passer un agr\u00e9able s\u00e9jour de bien \u00eatre corps &amp; esprit au c\u0153ur d\u2019une des plus belles r\u00e9gions du pays dans le village de campagne de Niederpallen situ\u00e9 au pied des pistes \u00ab Eurov\u00e9lo n\u00b05 \u00bb.<br \/>\nAux portes de la capitale luxembourgeoise, ce village surprendra tant vos papilles que vos pupilles.<\/p>\n<h4><em>Vous pr\u00e9voyez un weekend en amoureux, une escapade en solitaire ou une excursion \u00e0 plusieurs ?<\/em><\/h4>\n<p>Venez d\u00e9couvrir notre magnifique maison de charme du 19<sup>i\u00e8me<\/sup> si\u00e8cle, enti\u00e8rement r\u00e9nov\u00e9e en alliant mat\u00e9riaux \u00e9cologiques et confort moderne. Notre espace bien-\u00eatre ouvert \u00e9t\u00e9 comme hiver vous offre une vue incomparable sur le paysage naturel du village.<\/p>\n<p>Murielle a suivi une  formation HACCP (Hazard Analysis Critical Control Point ) et a obtenu un certificat d\u00e9livr\u00e9 par la Chambre de Commerce et le Minist\u00e8re de l\u2019Economie. Cette formation doit permettre au professionnel d'acqu\u00e9rir les capacit\u00e9s n\u00e9cessaires pour organiser et g\u00e9rer l'activit\u00e9 de restauration et l\u2019h\u00f4tellerie dans des conditions d'hygi\u00e8ne conformes \u00e0 la r\u00e9glementation.<\/p>\n<h4><em>Gourmand ? Nous aussi !<\/em><\/h4>\n<p>Le petit d\u00e9jeuner maison se veut g\u00e9n\u00e9reux, vari\u00e9 et local pour vous r\u00e9veiller en douceur avec de bonnes viennoiseries tout droit sorties du four.<\/p>\n<p>Nous vous proposons \u00e9galement la <a href=\"https:\/\/www.greenandbreakfast.lu\/gb\/table-dhote\/\">table d\u2019h\u00f4te<\/a> sur demande.<\/p>\n<\/div>\n<\/div><\/div><\/div><\/div><\/div><\/div><\/div>","protected":false},"excerpt":{"rendered":"<p>BIENVENUE CHEZ NOUS ! C\u2019est avec grand plaisir que Murielle vous invite \u00e0 passer un agr\u00e9able s\u00e9jour de bien \u00eatre corps &amp; esprit au c\u0153ur d\u2019une des plus belles r\u00e9gions du pays dans le village de campagne de Niederpallen situ\u00e9 au pied des pistes \u00ab Eurov\u00e9lo n\u00b05 \u00bb. Aux portes de la capitale luxembourgeoise, ce&hellip;<\/p>\n","protected":false},"author":1,"featured_media":0,"parent":0,"menu_order":0,"comment_status":"closed","ping_status":"closed","template":"","meta":{"footnotes":""},"_links":{"self":[{"href":"https:\/\/www.greenandbreakfast.lu\/gb\/wp-json\/wp\/v2\/pages\/90"}],"collection":[{"href":"https:\/\/www.greenandbreakfast.lu\/gb\/wp-json\/wp\/v2\/pages"}],"about":[{"href":"https:\/\/www.greenandbreakfast.lu\/gb\/wp-json\/wp\/v2\/types\/page"}],"author":[{"embeddable":true,"href":"https:\/\/www.greenandbreakfast.lu\/gb\/wp-json\/wp\/v2\/users\/1"}],"replies":[{"embeddable":true,"href":"https:\/\/www.greenandbreakfast.lu\/gb\/wp-json\/wp\/v2\/comments?post=90"}],"version-history":[{"count":22,"href":"https:\/\/www.greenandbreakfast.lu\/gb\/wp-json\/wp\/v2\/pages\/90\/revisions"}],"predecessor-version":[{"id":1761,"href":"https:\/\/www.greenandbreakfast.lu\/gb\/wp-json\/wp\/v2\/pages\/90\/revisions\/1761"}],"wp:attachment":[{"href":"https:\/\/www.greenandbreakfast.lu\/gb\/wp-json\/wp\/v2\/media?parent=90"}],"curies":[{"name":"wp","href":"https:\/\/api.w.org\/{rel}","templated":true}]}}